{"id":18,"date":"2022-10-10T11:58:55","date_gmt":"2022-10-10T09:58:55","guid":{"rendered":"https:\/\/ricaa.fr\/?page_id=18"},"modified":"2026-02-08T09:26:37","modified_gmt":"2026-02-08T08:26:37","slug":"accueil","status":"publish","type":"page","link":"https:\/\/ricaa.fr\/","title":{"rendered":"Accueil"},"content":{"rendered":"\n<h2 class=\"wp-block-heading has-text-align-center\"><strong>Bienvenue sur le site des <\/strong><\/h2>\n\n\n\n<h1 class=\"wp-block-heading has-text-align-center has-text-color has-large-font-size\" style=\"color:#e300b2\">Rencontres Internationales des\u00a0<\/h1>\n\n\n\n<h1 class=\"wp-block-heading has-text-align-center has-text-color has-large-font-size\" style=\"color:#e300b2\">Communications Alternatives et Am\u00e9lior\u00e9es<br><\/h1>\n\n\n<div class=\"wp-block-image\">\n<figure class=\"aligncenter size-full is-resized\"><img loading=\"lazy\" decoding=\"async\" width=\"706\" height=\"430\" src=\"https:\/\/ricaa.fr\/wp-content\/uploads\/2022\/10\/Capture-decran-2022-10-13-a-13.49.01.png\" alt=\"\" class=\"wp-image-143\" style=\"width:409px\" srcset=\"https:\/\/ricaa.fr\/wp-content\/uploads\/2022\/10\/Capture-decran-2022-10-13-a-13.49.01.png 706w, https:\/\/ricaa.fr\/wp-content\/uploads\/2022\/10\/Capture-decran-2022-10-13-a-13.49.01-300x183.png 300w\" sizes=\"auto, (max-width: 706px) 100vw, 706px\" \/><\/figure>\n<\/div>\n\n\n<hr class=\"wp-block-separator has-alpha-channel-opacity\"\/>\n\n\n<div class=\"wp-block-image\">\n<figure class=\"aligncenter size-full is-resized\"><a href=\"https:\/\/ricaa.fr\/?page_id=267\"><img loading=\"lazy\" decoding=\"async\" width=\"1042\" height=\"280\" src=\"https:\/\/ricaa.fr\/wp-content\/uploads\/2022\/11\/Capture-decran-2022-11-01-a-20.13.18.png\" alt=\"\" class=\"wp-image-321\" style=\"width:261px;height:70px\" srcset=\"https:\/\/ricaa.fr\/wp-content\/uploads\/2022\/11\/Capture-decran-2022-11-01-a-20.13.18.png 1042w, https:\/\/ricaa.fr\/wp-content\/uploads\/2022\/11\/Capture-decran-2022-11-01-a-20.13.18-300x81.png 300w, https:\/\/ricaa.fr\/wp-content\/uploads\/2022\/11\/Capture-decran-2022-11-01-a-20.13.18-1024x275.png 1024w, https:\/\/ricaa.fr\/wp-content\/uploads\/2022\/11\/Capture-decran-2022-11-01-a-20.13.18-768x206.png 768w\" sizes=\"auto, (max-width: 1042px) 100vw, 1042px\" \/><\/a><\/figure>\n<\/div>\n\n\n<hr class=\"wp-block-separator has-alpha-channel-opacity\"\/>\n\n\n\n<p>Les Rencontres Internationales des CAA sont organis\u00e9es conjointement par l\u2019Equipe Relais Handicaps Rares Occitanie Ouest et l\u2019organisme de formation CAApables, dans le prolongement de leurs actions autour des Communications Alternatives et Am\u00e9lior\u00e9es (CAA) initi\u00e9es en 2019 en r\u00e9gion Occitanie.&nbsp;<\/p>\n\n\n\n<p>Apr\u00e8s une premi\u00e8re \u00e9dition remarqu\u00e9e en 2023, nous vous proposons de renouveler l&rsquo;exp\u00e9rience avec une nouvelle \u00e9dition en 2026, du 11 au 13 mai. <\/p>\n\n\n\n<p>Devant les dynamiques mises en place au niveau gouvernemental, et au regard de la place et des connaissances grandissantes qui \u00e9mergent autour de la CAA en&nbsp;France, il nous a sembl\u00e9 important de poursuivre notre mission de partage et soutien au d\u00e9ploiement de la d\u00e9marche sur notre territoire. <\/p>\n\n\n\n<p>Vous retrouverez ci-dessous les <strong>objectifs<\/strong> de ces Rencontres et les <strong>valeurs<\/strong> sur lesquelles elles reposent. La pr\u00e9sentation du programme, des intervenants, les informations pratiques sont, quant \u00e0 elles, disponibles dans les diff\u00e9rents onglets du menu du site.<\/p>\n\n\n<div class=\"wp-block-image\">\n<figure class=\"aligncenter size-large is-resized\"><img loading=\"lazy\" decoding=\"async\" width=\"1024\" height=\"275\" src=\"http:\/\/ricaa.fr\/wp-content\/uploads\/2022\/11\/Capture-decran-2022-11-01-a-20.13.25-1024x275.png\" alt=\"\" class=\"wp-image-322\" style=\"width:256px;height:69px\" srcset=\"https:\/\/ricaa.fr\/wp-content\/uploads\/2022\/11\/Capture-decran-2022-11-01-a-20.13.25-1024x275.png 1024w, https:\/\/ricaa.fr\/wp-content\/uploads\/2022\/11\/Capture-decran-2022-11-01-a-20.13.25-300x81.png 300w, https:\/\/ricaa.fr\/wp-content\/uploads\/2022\/11\/Capture-decran-2022-11-01-a-20.13.25-768x206.png 768w, https:\/\/ricaa.fr\/wp-content\/uploads\/2022\/11\/Capture-decran-2022-11-01-a-20.13.25.png 1050w\" sizes=\"auto, (max-width: 1024px) 100vw, 1024px\" \/><\/figure>\n<\/div>\n\n\n<p>A travers des conf\u00e9rences et des t\u00e9moignages, des espaces d\u2019\u00e9changes et un salon d\u2019exposants, les Rencontres Internationales des Communications Alternatives et Am\u00e9lior\u00e9es RICAA doivent permettre de :<\/p>\n\n\n\n<ul class=\"wp-block-list\">\n<li>Offrir un espace <strong>d\u2019informations, de rencontres et d&rsquo;\u00e9changes<\/strong> &#8211; \u00e0 plusieurs voix &#8211; aux <strong>divers acteurs<\/strong> concern\u00e9s par la Communication Alternative et Am\u00e9lior\u00e9e : utilisateurs, familles\/aidants, cliniciens, sp\u00e9cialistes, chercheurs, associations, entrepreneurs, et plus largement la soci\u00e9t\u00e9 civile\u2026<\/li>\n<\/ul>\n\n\n\n<ul class=\"wp-block-list\">\n<li>Participer \u00e0 la <strong>diffusion des connaissances actuelles sur la CAA et des pratiques bas\u00e9es sur la recherche<\/strong>, en s\u2019appuyant sur une ouverture <strong>internationale et europ\u00e9enne<\/strong>.<\/li>\n<\/ul>\n\n\n\n<ul class=\"wp-block-list\">\n<li>Oeuvrer en faveur d\u2019une <strong>soci\u00e9t\u00e9 plus accessible sur le plan de la communication<\/strong> : la diffusion des pratiques, connaissances et t\u00e9moignages doit favoriser un meilleur accompagnement des personnes \u00e0 d\u00e9fis de communication, et faciliter l&rsquo;inclusion, en donnant l\u2019opportunit\u00e9 \u00e0 tous de comprendre et de se faire comprendre.<\/li>\n<\/ul>\n\n\n<div class=\"wp-block-image\">\n<figure class=\"aligncenter size-large is-resized\"><img loading=\"lazy\" decoding=\"async\" width=\"1024\" height=\"277\" src=\"http:\/\/ricaa.fr\/wp-content\/uploads\/2022\/11\/Capture-decran-2022-11-01-a-20.13.31-1024x277.png\" alt=\"\" class=\"wp-image-323\" style=\"width:256px;height:69px\" srcset=\"https:\/\/ricaa.fr\/wp-content\/uploads\/2022\/11\/Capture-decran-2022-11-01-a-20.13.31-1024x277.png 1024w, https:\/\/ricaa.fr\/wp-content\/uploads\/2022\/11\/Capture-decran-2022-11-01-a-20.13.31-300x81.png 300w, https:\/\/ricaa.fr\/wp-content\/uploads\/2022\/11\/Capture-decran-2022-11-01-a-20.13.31-768x208.png 768w, https:\/\/ricaa.fr\/wp-content\/uploads\/2022\/11\/Capture-decran-2022-11-01-a-20.13.31.png 1048w\" sizes=\"auto, (max-width: 1024px) 100vw, 1024px\" \/><\/figure>\n<\/div>\n\n\n<ul class=\"wp-block-list\">\n<li>Les <strong>utilisateurs de CAA<\/strong> sont invit\u00e9s \u00e0 participer \u00e0 ces Rencontres, aussi bien pour animer, pour apporter leur t\u00e9moignage exp\u00e9rientiel, que pour suivre les conf\u00e9rences et \u00e9changes.<\/li>\n<\/ul>\n\n\n\n<ul class=\"wp-block-list\">\n<li>La <strong>diversit\u00e9 des outils de CAA<\/strong> est au service de la communication pour tous : communiquer autrement que par la parole, ou en compl\u00e9ment, suppose le plus souvent d\u2019avoir recours \u00e0 divers outils, adapt\u00e9s \u00e0 des besoins vari\u00e9s. Nous parlerons donc souvent <strong><em><u>des<\/u><\/em> CAA<\/strong>.<\/li>\n<\/ul>\n\n\n\n<ul class=\"wp-block-list\">\n<li>Les CAA s\u2019adressent \u00e0 un <strong>public vari\u00e9, dans des environnements multiples<\/strong>. Elle s\u2019adresse \u00e0 des personnes de tout \u00e2ge, concern\u00e9s par handicaps et d\u00e9fis diff\u00e9rents, temporaires ou permanents, parfois multiples et complexes et pr\u00e9sents \u00e0 la naissance ou acquis. Le point commun de ce public vari\u00e9 est qu\u2019il rencontre des <strong>d\u00e9fis de communication<\/strong> et a besoin d\u2019outils de <strong>compensation<\/strong> pour accompagner ou remplacer la parole.<br><\/li>\n\n\n\n<li>La <strong>communication est l\u2019affaire de tous<\/strong> : les Rencontres Internationales des CAA s\u2019adressent \u00e0 un large public allant des utilisateurs, aux aidants, familles, professionnels, chercheurs, associations, entrepreneurs, et plus largement encore tous les acteurs de la soci\u00e9t\u00e9 civile.<\/li>\n<\/ul>\n\n\n\n<hr class=\"wp-block-separator has-alpha-channel-opacity\"\/>\n\n\n\n<p class=\"has-text-align-center has-text-color\" style=\"color:#e100b1\">Ce projet d\u2019envergure ne serait pas possible sans le soutien de nos partenaires.&nbsp;<\/p>\n\n\n\n<p class=\"has-text-align-center\">Nous tenons \u00e0 remercier l\u2019implication de ces acteurs qui oeuvrent ainsi, \u00e0 nos c\u00f4t\u00e9s, \u00e0 une meilleure prise en compte des d\u00e9fis de communication, et permettent \u00e0 tous de \u00ab&nbsp;partager \u00e0 plusieurs voix&nbsp;\u00bb.<\/p>\n\n\n\n<figure class=\"wp-block-gallery has-nested-images columns-default is-cropped wp-block-gallery-1 is-layout-flex wp-block-gallery-is-layout-flex\">\n<figure class=\"wp-block-image size-large\"><img loading=\"lazy\" decoding=\"async\" width=\"1024\" height=\"678\" data-id=\"1932\" src=\"https:\/\/ricaa.fr\/wp-content\/uploads\/2026\/01\/Capture-decran-2026-01-27-a-22.09.00-1024x678.png\" alt=\"\" class=\"wp-image-1932\" srcset=\"https:\/\/ricaa.fr\/wp-content\/uploads\/2026\/01\/Capture-decran-2026-01-27-a-22.09.00-1024x678.png 1024w, https:\/\/ricaa.fr\/wp-content\/uploads\/2026\/01\/Capture-decran-2026-01-27-a-22.09.00-300x199.png 300w, https:\/\/ricaa.fr\/wp-content\/uploads\/2026\/01\/Capture-decran-2026-01-27-a-22.09.00-768x509.png 768w, https:\/\/ricaa.fr\/wp-content\/uploads\/2026\/01\/Capture-decran-2026-01-27-a-22.09.00.png 1404w\" sizes=\"auto, (max-width: 1024px) 100vw, 1024px\" \/><\/figure>\n<\/figure>\n\n\n\n<p class=\"has-small-font-size\">Mise \u00e0 jour : 27 janvier 2026<br>Mulberry Symbols, \u201cCopyright 2018\/19 Steve Lee &#8211; This work is licensed under the Creative Commons Attribution-ShareAlike 2.0 UK: England &amp; Wales License.\u201d<\/p>\n","protected":false},"excerpt":{"rendered":"<p>Bienvenue sur le site des Rencontres Internationales des\u00a0 Communications Alternatives et Am\u00e9lior\u00e9es Les Rencontres Internationales des CAA sont organis\u00e9es conjointement par l\u2019Equipe Relais Handicaps Rares Occitanie Ouest et l\u2019organisme de formation CAApables, dans le prolongement de leurs actions autour des Communications Alternatives et Am\u00e9lior\u00e9es (CAA) initi\u00e9es en 2019 en r\u00e9gion Occitanie.&nbsp; Apr\u00e8s une premi\u00e8re \u00e9dition [&hellip;]<\/p>\n","protected":false},"author":2,"featured_media":0,"parent":0,"menu_order":0,"comment_status":"closed","ping_status":"closed","template":"","meta":{"footnotes":""},"class_list":["post-18","page","type-page","status-publish","hentry"],"_links":{"self":[{"href":"https:\/\/ricaa.fr\/index.php?rest_route=\/wp\/v2\/pages\/18","targetHints":{"allow":["GET"]}}],"collection":[{"href":"https:\/\/ricaa.fr\/index.php?rest_route=\/wp\/v2\/pages"}],"about":[{"href":"https:\/\/ricaa.fr\/index.php?rest_route=\/wp\/v2\/types\/page"}],"author":[{"embeddable":true,"href":"https:\/\/ricaa.fr\/index.php?rest_route=\/wp\/v2\/users\/2"}],"replies":[{"embeddable":true,"href":"https:\/\/ricaa.fr\/index.php?rest_route=%2Fwp%2Fv2%2Fcomments&post=18"}],"version-history":[{"count":65,"href":"https:\/\/ricaa.fr\/index.php?rest_route=\/wp\/v2\/pages\/18\/revisions"}],"predecessor-version":[{"id":2005,"href":"https:\/\/ricaa.fr\/index.php?rest_route=\/wp\/v2\/pages\/18\/revisions\/2005"}],"wp:attachment":[{"href":"https:\/\/ricaa.fr\/index.php?rest_route=%2Fwp%2Fv2%2Fmedia&parent=18"}],"curies":[{"name":"wp","href":"https:\/\/api.w.org\/{rel}","templated":true}]}}