{"id":267,"date":"2022-10-31T11:01:24","date_gmt":"2022-10-31T10:01:24","guid":{"rendered":"https:\/\/ricaa.fr\/?page_id=267"},"modified":"2026-01-27T22:16:15","modified_gmt":"2026-01-27T21:16:15","slug":"accueil-falc","status":"publish","type":"page","link":"https:\/\/ricaa.fr\/?page_id=267","title":{"rendered":"Accueil FALC"},"content":{"rendered":"\n<h2 class=\"wp-block-heading has-text-align-left\">Bienvenue sur le site des RICAA.<\/h2>\n\n\n<div class=\"wp-block-image\">\n<figure class=\"aligncenter size-full is-resized\"><img loading=\"lazy\" decoding=\"async\" width=\"706\" height=\"430\" src=\"https:\/\/ricaa.fr\/wp-content\/uploads\/2022\/10\/Capture-decran-2022-10-13-a-13.49.01.png\" alt=\"\" class=\"wp-image-143\" style=\"width:409px\" srcset=\"https:\/\/ricaa.fr\/wp-content\/uploads\/2022\/10\/Capture-decran-2022-10-13-a-13.49.01.png 706w, https:\/\/ricaa.fr\/wp-content\/uploads\/2022\/10\/Capture-decran-2022-10-13-a-13.49.01-300x183.png 300w\" sizes=\"auto, (max-width: 706px) 100vw, 706px\" \/><\/figure>\n<\/div>\n\n\n<h2 class=\"wp-block-heading has-text-align-left\">RICAA veut dire Rencontres Internationales des CAA.<\/h2>\n\n\n\n<h2 class=\"wp-block-heading has-text-align-left\">CAA veut dire Communication Alternative et Am\u00e9lior\u00e9e.<\/h2>\n\n\n\n<p class=\"has-medium-font-size\">Certaines personnes ne peuvent pas parler du tout avec leur voix. <\/p>\n\n\n\n<p class=\"has-medium-font-size\">Certaines personnes ont des difficult\u00e9s \u00e0 utiliser leur voix pour parler.<\/p>\n\n\n\n<p class=\"has-medium-font-size\">Ces personnes ont besoin d&rsquo;outils pour les aider \u00e0 mieux communiquer.<\/p>\n\n\n\n<p class=\"has-medium-font-size\">Elles utilisent des outils de CAA pour comprendre et pour parler.<\/p>\n\n\n\n<p><\/p>\n\n\n\n<h2 class=\"wp-block-heading has-text-align-left has-black-color has-text-color has-medium-font-size\">Les premi\u00e8res RICAA ont eu lieu \u00e0 TOULOUSE au Conseil d\u00e9partemental de la Haute-Garonne en 2023 <\/h2>\n\n\n\n<h2 class=\"wp-block-heading has-text-align-left has-black-color has-text-color has-link-color has-medium-font-size wp-elements-16618575793c72d774de8e367ca484e9\"><strong>Les deuxi\u00e8mes RICAA auront lieu <\/strong>les 11-12 et 13 mai 2026 au Conseil d\u00e9partemental de la Haute-Garonne.<\/h2>\n\n\n\n<p><\/p>\n\n\n\n<hr class=\"wp-block-separator has-alpha-channel-opacity\"\/>\n\n\n\n<p class=\"has-medium-font-size\">Les RICAA sont organis\u00e9es par l\u2019Equipe Relais Handicaps Rares Occitanie Ouest et par CAApables.<\/p>\n\n\n\n<p class=\"has-medium-font-size\">Aux RICAA, il y a <\/p>\n\n\n\n<ul class=\"wp-block-list has-medium-font-size\">\n<li>des conf\u00e9rences<\/li>\n<\/ul>\n\n\n\n<ul class=\"wp-block-list has-medium-font-size\">\n<li>des t\u00e9moignages d&rsquo;utilisateurs de CAA<\/li>\n<\/ul>\n\n\n\n<ul class=\"wp-block-list has-medium-font-size\">\n<li>des expositions de photos<\/li>\n<\/ul>\n\n\n\n<ul class=\"wp-block-list has-medium-font-size\">\n<li>un salon avec des vendeurs de mat\u00e9riel et des associations. <\/li>\n<\/ul>\n\n\n<div class=\"wp-block-image\">\n<figure class=\"aligncenter size-large is-resized\"><img loading=\"lazy\" decoding=\"async\" width=\"1024\" height=\"275\" src=\"http:\/\/ricaa.fr\/wp-content\/uploads\/2022\/11\/Capture-decran-2022-11-01-a-20.13.25-1024x275.png\" alt=\"\" class=\"wp-image-322\" style=\"width:256px;height:69px\" srcset=\"https:\/\/ricaa.fr\/wp-content\/uploads\/2022\/11\/Capture-decran-2022-11-01-a-20.13.25-1024x275.png 1024w, https:\/\/ricaa.fr\/wp-content\/uploads\/2022\/11\/Capture-decran-2022-11-01-a-20.13.25-300x81.png 300w, https:\/\/ricaa.fr\/wp-content\/uploads\/2022\/11\/Capture-decran-2022-11-01-a-20.13.25-768x206.png 768w, https:\/\/ricaa.fr\/wp-content\/uploads\/2022\/11\/Capture-decran-2022-11-01-a-20.13.25.png 1050w\" sizes=\"auto, (max-width: 1024px) 100vw, 1024px\" \/><\/figure>\n<\/div>\n\n\n<p class=\"has-medium-font-size\">Pourquoi on organise les RICAA ?<\/p>\n\n\n\n<ul class=\"wp-block-list has-medium-font-size\">\n<li>Pour donner des informations sur les CAA.<\/li>\n<\/ul>\n\n\n\n<ul class=\"wp-block-list has-medium-font-size\">\n<li>Pour rencontrer des personnes qui travaillent ou utilisent la CAA.<\/li>\n<\/ul>\n\n\n\n<ul class=\"wp-block-list has-medium-font-size\">\n<li>Pour faire venir des sp\u00e9cialistes du monde entier qui connaissent les bonnes pratiques<\/li>\n<\/ul>\n\n\n\n<ul class=\"wp-block-list has-medium-font-size\">\n<li>Pour expliquer \u00e0 tout le monde comment rendre la communication plus facile pour tous.<\/li>\n<\/ul>\n\n\n\n<ul class=\"wp-block-list has-medium-font-size\">\n<li>Pour aider les personnes qui ont besoin d&rsquo;aide pour communiquer.<\/li>\n<\/ul>\n\n\n<div class=\"wp-block-image\">\n<figure class=\"aligncenter size-large is-resized\"><img loading=\"lazy\" decoding=\"async\" width=\"1024\" height=\"277\" src=\"http:\/\/ricaa.fr\/wp-content\/uploads\/2022\/11\/Capture-decran-2022-11-01-a-20.13.31-1024x277.png\" alt=\"\" class=\"wp-image-323\" style=\"width:256px;height:69px\" srcset=\"https:\/\/ricaa.fr\/wp-content\/uploads\/2022\/11\/Capture-decran-2022-11-01-a-20.13.31-1024x277.png 1024w, https:\/\/ricaa.fr\/wp-content\/uploads\/2022\/11\/Capture-decran-2022-11-01-a-20.13.31-300x81.png 300w, https:\/\/ricaa.fr\/wp-content\/uploads\/2022\/11\/Capture-decran-2022-11-01-a-20.13.31-768x208.png 768w, https:\/\/ricaa.fr\/wp-content\/uploads\/2022\/11\/Capture-decran-2022-11-01-a-20.13.31.png 1048w\" sizes=\"auto, (max-width: 1024px) 100vw, 1024px\" \/><\/figure>\n<\/div>\n\n\n<p class=\"has-medium-font-size\">Qu&rsquo;est-ce qui est important pour nous ?<\/p>\n\n\n\n<ul class=\"wp-block-list has-medium-font-size\">\n<li>Les RICAA sont organis\u00e9es pour aider les personnes qui ont besoin de CAA.<\/li>\n<\/ul>\n\n\n\n<ul class=\"wp-block-list has-medium-font-size\">\n<li>Tous les outils de CAA sont importants. <\/li>\n<\/ul>\n\n\n\n<ul class=\"wp-block-list has-medium-font-size\">\n<li>La CAA est importante pour beaucoup de personnes avec des \u00e2ges ou des handicaps diff\u00e9rents.<\/li>\n<\/ul>\n\n\n\n<ul class=\"wp-block-list has-medium-font-size\">\n<li>La CAA est importante dans diff\u00e9rents lieux et \u00e0 diff\u00e9rents moments.<\/li>\n<\/ul>\n\n\n\n<ul class=\"wp-block-list has-medium-font-size\">\n<li>Tout le monde doit conna\u00eetre les CAA.<\/li>\n<\/ul>\n\n\n\n<ul class=\"wp-block-list has-medium-font-size\">\n<li>La CAA peut \u00eatre utilis\u00e9e par tout le monde.<\/li>\n<\/ul>\n\n\n\n<p><\/p>\n\n\n\n<hr class=\"wp-block-separator has-alpha-channel-opacity\"\/>\n\n\n\n<p class=\"has-text-align-left has-black-color has-text-color\"><strong>Merci aux personnes qui aident \u00e0 organiser les RICAA :<\/strong><\/p>\n\n\n\n<p class=\"has-text-align-center\"><\/p>\n\n\n\n<figure class=\"wp-block-gallery has-nested-images columns-default wp-block-gallery-1 is-layout-flex wp-block-gallery-is-layout-flex\">\n<figure class=\"wp-block-image size-large\"><img loading=\"lazy\" decoding=\"async\" width=\"247\" height=\"204\" data-id=\"99\" src=\"http:\/\/ricaa.fr\/wp-content\/uploads\/2022\/10\/logo-CAApables.png\" alt=\"\" class=\"wp-image-99\"\/><\/figure>\n\n\n\n<figure class=\"wp-block-image size-large\"><img loading=\"lazy\" decoding=\"async\" width=\"1085\" height=\"1225\" data-id=\"96\" src=\"http:\/\/ricaa.fr\/wp-content\/uploads\/2022\/10\/erhr_midi_pyrenees_tres_grand_rvb.png\" alt=\"\" class=\"wp-image-96\" srcset=\"https:\/\/ricaa.fr\/wp-content\/uploads\/2022\/10\/erhr_midi_pyrenees_tres_grand_rvb.png 1085w, https:\/\/ricaa.fr\/wp-content\/uploads\/2022\/10\/erhr_midi_pyrenees_tres_grand_rvb-266x300.png 266w, https:\/\/ricaa.fr\/wp-content\/uploads\/2022\/10\/erhr_midi_pyrenees_tres_grand_rvb-907x1024.png 907w, https:\/\/ricaa.fr\/wp-content\/uploads\/2022\/10\/erhr_midi_pyrenees_tres_grand_rvb-768x867.png 768w\" sizes=\"auto, (max-width: 1085px) 100vw, 1085px\" \/><\/figure>\n\n\n\n<figure class=\"wp-block-image size-large\"><img loading=\"lazy\" decoding=\"async\" width=\"194\" height=\"260\" data-id=\"337\" src=\"https:\/\/ricaa.fr\/wp-content\/uploads\/2022\/11\/Unknown.png\" alt=\"\" class=\"wp-image-337\"\/><\/figure>\n\n\n\n<figure class=\"wp-block-image size-large\"><img loading=\"lazy\" decoding=\"async\" width=\"548\" height=\"216\" data-id=\"98\" src=\"http:\/\/ricaa.fr\/wp-content\/uploads\/2022\/10\/Logo-ARS-Occitanie.jpg\" alt=\"\" class=\"wp-image-98\" srcset=\"https:\/\/ricaa.fr\/wp-content\/uploads\/2022\/10\/Logo-ARS-Occitanie.jpg 548w, https:\/\/ricaa.fr\/wp-content\/uploads\/2022\/10\/Logo-ARS-Occitanie-300x118.jpg 300w\" sizes=\"auto, (max-width: 548px) 100vw, 548px\" \/><\/figure>\n<\/figure>\n\n\n\n<p><\/p>\n\n\n\n<p class=\"has-small-font-size\">Mise \u00e0 jour : 27 janvier 2026<br>Mulberry Symbols, \u201cCopyright 2018\/19 Steve Lee &#8211; This work is licensed under the Creative Commons Attribution-ShareAlike 2.0 UK: England &amp; Wales License.\u201d<\/p>\n","protected":false},"excerpt":{"rendered":"<p>Bienvenue sur le site des RICAA. RICAA veut dire Rencontres Internationales des CAA. CAA veut dire Communication Alternative et Am\u00e9lior\u00e9e. Certaines personnes ne peuvent pas parler du tout avec leur voix. Certaines personnes ont des difficult\u00e9s \u00e0 utiliser leur voix pour parler. Ces personnes ont besoin d&rsquo;outils pour les aider \u00e0 mieux communiquer. Elles utilisent [&hellip;]<\/p>\n","protected":false},"author":2,"featured_media":0,"parent":0,"menu_order":0,"comment_status":"closed","ping_status":"closed","template":"","meta":{"footnotes":""},"class_list":["post-267","page","type-page","status-publish","hentry"],"_links":{"self":[{"href":"https:\/\/ricaa.fr\/index.php?rest_route=\/wp\/v2\/pages\/267","targetHints":{"allow":["GET"]}}],"collection":[{"href":"https:\/\/ricaa.fr\/index.php?rest_route=\/wp\/v2\/pages"}],"about":[{"href":"https:\/\/ricaa.fr\/index.php?rest_route=\/wp\/v2\/types\/page"}],"author":[{"embeddable":true,"href":"https:\/\/ricaa.fr\/index.php?rest_route=\/wp\/v2\/users\/2"}],"replies":[{"embeddable":true,"href":"https:\/\/ricaa.fr\/index.php?rest_route=%2Fwp%2Fv2%2Fcomments&post=267"}],"version-history":[{"count":32,"href":"https:\/\/ricaa.fr\/index.php?rest_route=\/wp\/v2\/pages\/267\/revisions"}],"predecessor-version":[{"id":1941,"href":"https:\/\/ricaa.fr\/index.php?rest_route=\/wp\/v2\/pages\/267\/revisions\/1941"}],"wp:attachment":[{"href":"https:\/\/ricaa.fr\/index.php?rest_route=%2Fwp%2Fv2%2Fmedia&parent=267"}],"curies":[{"name":"wp","href":"https:\/\/api.w.org\/{rel}","templated":true}]}}