{"id":37,"date":"2022-10-10T12:21:15","date_gmt":"2022-10-10T10:21:15","guid":{"rendered":"https:\/\/ricaa.fr\/?page_id=37"},"modified":"2026-01-27T22:20:22","modified_gmt":"2026-01-27T21:20:22","slug":"qui-sommes-nous","status":"publish","type":"page","link":"https:\/\/ricaa.fr\/?page_id=37","title":{"rendered":"Qui sommes-nous"},"content":{"rendered":"\n<p><strong>L\u2019Equipe Relais Handicaps Rares Occitanie Ouest<\/strong> et <strong>CAApables <\/strong>animent depuis 2019 une dynamique r\u00e9gionale autour des CAA :<\/p>\n\n\n\n<ul class=\"wp-block-list\">\n<li>sessions de sensibilisation aux CAA destin\u00e9es aux professionnels et aidants familiaux (pr\u00e8s d&rsquo;une vingtaine de journ\u00e9es r\u00e9alis\u00e9es \u00e0 ce jour, d\u00e9ploy\u00e9es sur l\u2019ensemble du territoire midi-pyr\u00e9n\u00e9en ou en visioconf\u00e9rence)<\/li>\n\n\n\n<li>constitution et animation d\u2019une Communaut\u00e9 de Pratique\u00a0: le ROSEAU des CAA qui rassemble plus de 250 professionnels et 70 familles en Midi-Pyr\u00e9n\u00e9es<\/li>\n<\/ul>\n\n\n\n<hr class=\"wp-block-separator has-alpha-channel-opacity\"\/>\n\n\n\n<div class=\"wp-block-media-text alignwide is-stacked-on-mobile\"><figure class=\"wp-block-media-text__media\"><img loading=\"lazy\" decoding=\"async\" width=\"247\" height=\"204\" src=\"http:\/\/ricaa.fr\/wp-content\/uploads\/2022\/10\/logo-CAApables.png\" alt=\"\" class=\"wp-image-99 size-full\"\/><\/figure><div class=\"wp-block-media-text__content\">\n<p>CAApables est un organisme bas\u00e9 \u00e0 Toulouse proposant des formations et des accompagnements en CAA. Les formations se destinent aux\u00a0<em><strong>professionnels<\/strong><\/em> accompagnant des\u00a0personnes \u00e0 d\u00e9fis de communication : orthophonistes, ergoth\u00e9rapeutes, \u00e9ducateurs, psychologues, etc.<br>Elles se destinent \u00e9galement aux <em><strong>particuliers<\/strong><\/em>, parents ou aidants d\u2019enfants\/adolescents\/adultes n\u2019ayant pas acc\u00e8s au langage oral.<\/p>\n\n\n\n<p>Pour plus d&rsquo;information : <a href=\"http:\/\/www.caapables.fr\">www.caapables.fr<\/a><\/p>\n<\/div><\/div>\n\n\n\n<hr class=\"wp-block-separator has-alpha-channel-opacity\"\/>\n\n\n\n<div class=\"wp-block-media-text alignwide is-stacked-on-mobile\"><figure class=\"wp-block-media-text__media\"><img loading=\"lazy\" decoding=\"async\" width=\"1024\" height=\"270\" src=\"https:\/\/ricaa.fr\/wp-content\/uploads\/2026\/01\/cropped-ERHR_Occitanie-Ouest-WEB-1024x270.png\" alt=\"\" class=\"wp-image-1943 size-full\" srcset=\"https:\/\/ricaa.fr\/wp-content\/uploads\/2026\/01\/cropped-ERHR_Occitanie-Ouest-WEB-1024x270.png 1024w, https:\/\/ricaa.fr\/wp-content\/uploads\/2026\/01\/cropped-ERHR_Occitanie-Ouest-WEB-300x79.png 300w, https:\/\/ricaa.fr\/wp-content\/uploads\/2026\/01\/cropped-ERHR_Occitanie-Ouest-WEB-768x203.png 768w, https:\/\/ricaa.fr\/wp-content\/uploads\/2026\/01\/cropped-ERHR_Occitanie-Ouest-WEB.png 1478w\" sizes=\"auto, (max-width: 1024px) 100vw, 1024px\" \/><\/figure><div class=\"wp-block-media-text__content\">\n<p>L&rsquo;Equipe Relais Handicaps Rares Occitanie Ouest est port\u00e9e par l&rsquo;Institut des Jeunes Aveugles de Toulouse.<\/p>\n\n\n\n<p>Elle vient en appui des personnes, des familles et des professionnels pour \u00e9valuer et accompagner les parcours dans les situations de handicaps rares (combinaison de plusieurs d\u00e9ficiences graves).<\/p>\n\n\n\n<p>Elle propose \u00e9galement diff\u00e9rentes modalit\u00e9s d&rsquo;animation sur le territoire afin de partager les connaissances et les comp\u00e9tences sur les handicaps rares.<\/p>\n\n\n\n<p>Pour plus d&rsquo;info : <a href=\"https:\/\/midipyrenees.erhr.fr\">https:\/\/midipyrenees.erhr.fr<\/a><\/p>\n<\/div><\/div>\n\n\n\n<p><\/p>\n\n\n\n<p class=\"has-small-font-size\">Mise \u00e0 jour : 27 janvier 2026<\/p>\n","protected":false},"excerpt":{"rendered":"<p>L\u2019Equipe Relais Handicaps Rares Occitanie Ouest et CAApables animent depuis 2019 une dynamique r\u00e9gionale autour des CAA : CAApables est un organisme bas\u00e9 \u00e0 Toulouse proposant des formations et des accompagnements en CAA. Les formations se destinent aux\u00a0professionnels accompagnant des\u00a0personnes \u00e0 d\u00e9fis de communication : orthophonistes, ergoth\u00e9rapeutes, \u00e9ducateurs, psychologues, etc.Elles se destinent \u00e9galement aux particuliers, [&hellip;]<\/p>\n","protected":false},"author":2,"featured_media":0,"parent":0,"menu_order":0,"comment_status":"closed","ping_status":"closed","template":"","meta":{"footnotes":""},"class_list":["post-37","page","type-page","status-publish","hentry"],"_links":{"self":[{"href":"https:\/\/ricaa.fr\/index.php?rest_route=\/wp\/v2\/pages\/37","targetHints":{"allow":["GET"]}}],"collection":[{"href":"https:\/\/ricaa.fr\/index.php?rest_route=\/wp\/v2\/pages"}],"about":[{"href":"https:\/\/ricaa.fr\/index.php?rest_route=\/wp\/v2\/types\/page"}],"author":[{"embeddable":true,"href":"https:\/\/ricaa.fr\/index.php?rest_route=\/wp\/v2\/users\/2"}],"replies":[{"embeddable":true,"href":"https:\/\/ricaa.fr\/index.php?rest_route=%2Fwp%2Fv2%2Fcomments&post=37"}],"version-history":[{"count":11,"href":"https:\/\/ricaa.fr\/index.php?rest_route=\/wp\/v2\/pages\/37\/revisions"}],"predecessor-version":[{"id":1944,"href":"https:\/\/ricaa.fr\/index.php?rest_route=\/wp\/v2\/pages\/37\/revisions\/1944"}],"wp:attachment":[{"href":"https:\/\/ricaa.fr\/index.php?rest_route=%2Fwp%2Fv2%2Fmedia&parent=37"}],"curies":[{"name":"wp","href":"https:\/\/api.w.org\/{rel}","templated":true}]}}